{"id":17,"date":"2019-07-22T09:42:55","date_gmt":"2019-07-22T07:42:55","guid":{"rendered":"http:\/\/gradetchliev.de\/?page_id=17"},"modified":"2020-03-04T13:24:57","modified_gmt":"2020-03-04T12:24:57","slug":"impressum","status":"publish","type":"page","link":"https:\/\/gradetchliev.de\/en\/impressum\/","title":{"rendered":"Impressum"},"content":{"rendered":"<h1>Impressum<\/h1>\n<p><strong>Angaben gem\u00e4\u00df \u00a7 5 TMG:<\/strong><\/p>\n<p><strong>Grafik Gradetchliev<\/strong><br \/>\nAndrey Gradetchliev<br \/>\nBr\u00fcderstr. 25<br \/>\n26121 Oldenburg<br \/>\n<a href=\"mailto:studio@gradetchliev.de\">studio@gradetchliev.de<\/a><\/p>\n<p>St.Nr. 64\/115\/08384<br \/>\nFinanzamt Oldenburg<\/p>\n<p>Tel. +49 (0)4 41 \/ 9 333 095<\/p>\n<p><strong>Ansprechpartner und inhaltlich verantwortlich:<\/strong><br \/>\nAndrey Gradetchliev<br \/>\n<a href=\"mailto:studio@gradetchliev.de\">studio@gradetchliev.de<\/a><\/p>\n<p><strong>Haftungshinweis:<\/strong><\/p>\n<p>Copyrights:<br \/>\nAlle Abbildungen, die Seiteninhalte sowie die Gesamtgestaltung von www.itn-ol.de sind urheberrechtlich gesch\u00fctzt. Die Verwertungsrechte liegen bei den jeweiligen Urhebern. Jede vom Urheberrechtsgesetz nicht zugelassene Verwertung \u2013 insbesondere f\u00fcr Vervielf\u00e4ltigung, Bearbeitung, Einspeicherung, Verarbeitung bzw. Wiedergabe von Inhalten in Datenbanken oder anderen elektronischen Medien und Systemen \u2013 bedarf vorheriger ausdr\u00fccklicher schriftlicher Genehmigung durch den Herausgeber.<\/p>\n<p>Rechtshinweise:<br \/>\nAlle Angaben auf diesen Seiten sind ohne Gew\u00e4hr. Alle bereitgestellten Informationen wurden vor der Ver\u00f6ffentlichung auf den Seiten von IT &amp; Netsolutions nach bestem Wissen und Gewissen sorgf\u00e4ltig gepr\u00fcft.<br \/>\nEs wird jedoch keine Gew\u00e4hr f\u00fcr die Aktualit\u00e4t, Richtigkeit, Vollst\u00e4ndigkeit und jederzeitige Verf\u00fcgbarkeit der bereitgestellten Informationen \u00fcbernommen. Die Nutzung der hier ver\u00f6ffentlichten Informationen geschieht auf eigene Gefahr. Eine Haftung f\u00fcr jegliche Sch\u00e4den wird ausgeschlossen. Dies gilt auch f\u00fcr etwaige Sch\u00e4den, die beim Aufrufen oder Herunterladen von Daten durch Computerviren verursacht werden.<\/p>\n<p>Links und Verweise (sog. Disclaimer)<br \/>\nDurch den Querverweis auf die Webseiten anderer Anbieter (Link) vermittelt itn-ol.de lediglich den Zugang zur Nutzung dieser Inhalte. Der Herausgeber von itn-ol.de ist f\u00fcr den Inhalt dieser Webseiten nicht verantwortlich. F\u00fcr illegale, fehlerhafte oder unvollst\u00e4ndige Inhalte und insbesondere f\u00fcr Sch\u00e4den, die aus der Nutzung oder Nichtnutzung solcher Inhalte und Informationen entstehen, haftet allein der jeweilige Betreiber der Seite, auf die verwiesen wurde.<br \/>\nBei der erstmaligen Verlinkung mit Internetseiten Dritter wurden deren Inhalte sorgf\u00e4ltig daraufhin \u00fcberpr\u00fcft, ob durch sie eine m\u00f6gliche zivilrechtliche oder strafrechtliche Verantwortlichkeit ausgel\u00f6st wird. Eine solche Verantwortlichkeit konnte nicht festgestellt werden. Der Inhalt dieser Seiten kann allerdings jederzeit ohne Wissen von IT &amp; Netsolutions ge\u00e4ndert werden. Sobald festgestellt oder darauf hingewiesen wird, das eine Verlinkung eine zivil- oder strafrechtliche Verantwortlichkeit ausl\u00f6st, wird dieser Verweis selbstverst\u00e4ndlich aufgehoben.<\/p>\n<p>Bilder, Fotos und Grafiken:<br \/>\nGrafik Gradetchliev<\/p>\n","protected":false},"excerpt":{"rendered":"<p>Impressum Angaben gem\u00e4\u00df \u00a7 5 TMG: Grafik Gradetchliev Andrey Gradetchliev Br\u00fcderstr. 25 26121 Oldenburg studio@gradetchliev.de St.Nr. 64\/115\/08384 Finanzamt Oldenburg Tel. +49 (0)4 41 \/ 9 333 095 Ansprechpartner und inhaltlich verantwortlich: Andrey Gradetchliev studio@gradetchliev.de Haftungshinweis: Copyrights: Alle Abbildungen, die Seiteninhalte sowie die Gesamtgestaltung von www.itn-ol.de sind urheberrechtlich gesch\u00fctzt. Die Verwertungsrechte liegen bei den jeweiligen Urhebern. [&hellip;]<\/p>\n","protected":false},"author":1,"featured_media":0,"parent":0,"menu_order":20,"comment_status":"closed","ping_status":"closed","template":"template_all.php","meta":{"_acf_changed":false,"footnotes":""},"acf":[],"yoast_head":"<!-- This site is optimized with the Yoast SEO plugin v22.8 - https:\/\/yoast.com\/wordpress\/plugins\/seo\/ -->\n<title>Impressum - Atelier Gradetchliev<\/title>\n<meta name=\"robots\" content=\"index, follow, max-snippet:-1, max-image-preview:large, max-video-preview:-1\" \/>\n<link rel=\"canonical\" href=\"https:\/\/gradetchliev.de\/impressum\/\" \/>\n<meta property=\"og:locale\" content=\"en_US\" \/>\n<meta property=\"og:type\" content=\"article\" \/>\n<meta property=\"og:title\" content=\"Impressum - Atelier Gradetchliev\" \/>\n<meta property=\"og:description\" content=\"Impressum Angaben gem\u00e4\u00df \u00a7 5 TMG: Grafik Gradetchliev Andrey Gradetchliev Br\u00fcderstr. 25 26121 Oldenburg studio@gradetchliev.de St.Nr. 64\/115\/08384 Finanzamt Oldenburg Tel. +49 (0)4 41 \/ 9 333 095 Ansprechpartner und inhaltlich verantwortlich: Andrey Gradetchliev studio@gradetchliev.de Haftungshinweis: Copyrights: Alle Abbildungen, die Seiteninhalte sowie die Gesamtgestaltung von www.itn-ol.de sind urheberrechtlich gesch\u00fctzt. Die Verwertungsrechte liegen bei den jeweiligen Urhebern. [&hellip;]\" \/>\n<meta property=\"og:url\" content=\"https:\/\/gradetchliev.de\/impressum\/\" \/>\n<meta property=\"og:site_name\" content=\"Atelier Gradetchliev\" \/>\n<meta property=\"article:modified_time\" content=\"2020-03-04T12:24:57+00:00\" \/>\n<meta name=\"twitter:card\" content=\"summary_large_image\" \/>\n<meta name=\"twitter:label1\" content=\"Est. reading time\" \/>\n\t<meta name=\"twitter:data1\" content=\"2 minutes\" \/>\n<script type=\"application\/ld+json\" class=\"yoast-schema-graph\">{\"@context\":\"https:\/\/schema.org\",\"@graph\":[{\"@type\":\"WebPage\",\"@id\":\"https:\/\/gradetchliev.de\/impressum\/\",\"url\":\"https:\/\/gradetchliev.de\/impressum\/\",\"name\":\"Impressum - Atelier Gradetchliev\",\"isPartOf\":{\"@id\":\"https:\/\/gradetchliev.de\/#website\"},\"datePublished\":\"2019-07-22T07:42:55+00:00\",\"dateModified\":\"2020-03-04T12:24:57+00:00\",\"breadcrumb\":{\"@id\":\"https:\/\/gradetchliev.de\/impressum\/#breadcrumb\"},\"inLanguage\":\"en-US\",\"potentialAction\":[{\"@type\":\"ReadAction\",\"target\":[\"https:\/\/gradetchliev.de\/impressum\/\"]}]},{\"@type\":\"BreadcrumbList\",\"@id\":\"https:\/\/gradetchliev.de\/impressum\/#breadcrumb\",\"itemListElement\":[{\"@type\":\"ListItem\",\"position\":1,\"name\":\"Startseite\",\"item\":\"https:\/\/gradetchliev.de\/\"},{\"@type\":\"ListItem\",\"position\":2,\"name\":\"Impressum\"}]},{\"@type\":\"WebSite\",\"@id\":\"https:\/\/gradetchliev.de\/#website\",\"url\":\"https:\/\/gradetchliev.de\/\",\"name\":\"Atelier Gradetchliev\",\"description\":\"Atelier Gradetchliev\",\"potentialAction\":[{\"@type\":\"SearchAction\",\"target\":{\"@type\":\"EntryPoint\",\"urlTemplate\":\"https:\/\/gradetchliev.de\/?s={search_term_string}\"},\"query-input\":\"required name=search_term_string\"}],\"inLanguage\":\"en-US\"}]}<\/script>\n<!-- \/ Yoast SEO plugin. -->","yoast_head_json":{"title":"Impressum - Atelier Gradetchliev","robots":{"index":"index","follow":"follow","max-snippet":"max-snippet:-1","max-image-preview":"max-image-preview:large","max-video-preview":"max-video-preview:-1"},"canonical":"https:\/\/gradetchliev.de\/impressum\/","og_locale":"en_US","og_type":"article","og_title":"Impressum - Atelier Gradetchliev","og_description":"Impressum Angaben gem\u00e4\u00df \u00a7 5 TMG: Grafik Gradetchliev Andrey Gradetchliev Br\u00fcderstr. 25 26121 Oldenburg studio@gradetchliev.de St.Nr. 64\/115\/08384 Finanzamt Oldenburg Tel. +49 (0)4 41 \/ 9 333 095 Ansprechpartner und inhaltlich verantwortlich: Andrey Gradetchliev studio@gradetchliev.de Haftungshinweis: Copyrights: Alle Abbildungen, die Seiteninhalte sowie die Gesamtgestaltung von www.itn-ol.de sind urheberrechtlich gesch\u00fctzt. Die Verwertungsrechte liegen bei den jeweiligen Urhebern. [&hellip;]","og_url":"https:\/\/gradetchliev.de\/impressum\/","og_site_name":"Atelier Gradetchliev","article_modified_time":"2020-03-04T12:24:57+00:00","twitter_card":"summary_large_image","twitter_misc":{"Est. reading time":"2 minutes"},"schema":{"@context":"https:\/\/schema.org","@graph":[{"@type":"WebPage","@id":"https:\/\/gradetchliev.de\/impressum\/","url":"https:\/\/gradetchliev.de\/impressum\/","name":"Impressum - Atelier Gradetchliev","isPartOf":{"@id":"https:\/\/gradetchliev.de\/#website"},"datePublished":"2019-07-22T07:42:55+00:00","dateModified":"2020-03-04T12:24:57+00:00","breadcrumb":{"@id":"https:\/\/gradetchliev.de\/impressum\/#breadcrumb"},"inLanguage":"en-US","potentialAction":[{"@type":"ReadAction","target":["https:\/\/gradetchliev.de\/impressum\/"]}]},{"@type":"BreadcrumbList","@id":"https:\/\/gradetchliev.de\/impressum\/#breadcrumb","itemListElement":[{"@type":"ListItem","position":1,"name":"Startseite","item":"https:\/\/gradetchliev.de\/"},{"@type":"ListItem","position":2,"name":"Impressum"}]},{"@type":"WebSite","@id":"https:\/\/gradetchliev.de\/#website","url":"https:\/\/gradetchliev.de\/","name":"Atelier Gradetchliev","description":"Atelier Gradetchliev","potentialAction":[{"@type":"SearchAction","target":{"@type":"EntryPoint","urlTemplate":"https:\/\/gradetchliev.de\/?s={search_term_string}"},"query-input":"required name=search_term_string"}],"inLanguage":"en-US"}]}},"_links":{"self":[{"href":"https:\/\/gradetchliev.de\/en\/wp-json\/wp\/v2\/pages\/17"}],"collection":[{"href":"https:\/\/gradetchliev.de\/en\/wp-json\/wp\/v2\/pages"}],"about":[{"href":"https:\/\/gradetchliev.de\/en\/wp-json\/wp\/v2\/types\/page"}],"author":[{"embeddable":true,"href":"https:\/\/gradetchliev.de\/en\/wp-json\/wp\/v2\/users\/1"}],"replies":[{"embeddable":true,"href":"https:\/\/gradetchliev.de\/en\/wp-json\/wp\/v2\/comments?post=17"}],"version-history":[{"count":7,"href":"https:\/\/gradetchliev.de\/en\/wp-json\/wp\/v2\/pages\/17\/revisions"}],"predecessor-version":[{"id":531,"href":"https:\/\/gradetchliev.de\/en\/wp-json\/wp\/v2\/pages\/17\/revisions\/531"}],"wp:attachment":[{"href":"https:\/\/gradetchliev.de\/en\/wp-json\/wp\/v2\/media?parent=17"}],"curies":[{"name":"wp","href":"https:\/\/api.w.org\/{rel}","templated":true}]}}