{"id":447,"date":"2020-01-29T16:45:20","date_gmt":"2020-01-29T15:45:20","guid":{"rendered":"http:\/\/gradetchliev.de\/?page_id=447"},"modified":"2020-03-04T16:02:57","modified_gmt":"2020-03-04T15:02:57","slug":"pret-a-portrait","status":"publish","type":"page","link":"https:\/\/gradetchliev.de\/en\/projekte\/pret-a-portrait\/","title":{"rendered":"Pr\u00eat-\u00e0-Portrait, Backstage"},"content":{"rendered":"<p><\/p>\n<h1>Haute Couture as a demand, Pr\u00eat-\u00e0-Portrait as a need<\/h1>\n<p>The Shows of the Fashion Department from the Royal Academy of Fine Arts left me with deep impressions. Here is a \u201csnapshot\u201c from the world of fashion, two-dimensionally captured in painting and drawing.<\/p>","protected":false},"excerpt":{"rendered":"<p>Haute Couture as a demand, Pr\u00eat-\u00e0-Portrait as a need The Shows of the Fashion Department from the Royal Academy of Fine Arts left me with deep impressions. Here is a \u201csnapshot\u201c from the world of fashion, two-dimensionally captured in painting and drawing.<\/p>\n","protected":false},"author":3,"featured_media":0,"parent":9,"menu_order":0,"comment_status":"closed","ping_status":"closed","template":"template_Projekte.php","meta":{"_acf_changed":false,"footnotes":""},"acf":[],"yoast_head":"<!-- This site is optimized with the Yoast SEO plugin v22.8 - https:\/\/yoast.com\/wordpress\/plugins\/seo\/ -->\n<title>Pr\u00eat-\u00e0-Portrait, Backstage - Atelier Gradetchliev<\/title>\n<meta name=\"robots\" content=\"index, follow, max-snippet:-1, max-image-preview:large, max-video-preview:-1\" \/>\n<link rel=\"canonical\" href=\"https:\/\/gradetchliev.de\/projekte\/pret-a-portrait\/\" \/>\n<meta property=\"og:locale\" content=\"en_US\" \/>\n<meta property=\"og:type\" content=\"article\" \/>\n<meta property=\"og:title\" content=\"Pr\u00eat-\u00e0-Portrait, Backstage - Atelier Gradetchliev\" \/>\n<meta property=\"og:description\" content=\"Haute Couture as a demand, Pr\u00eat-\u00e0-Portrait as a need The Shows of the Fashion Department from the Royal Academy of Fine Arts left me with deep impressions. Here is a \u201csnapshot\u201c from the world of fashion, two-dimensionally captured in painting and drawing.\" \/>\n<meta property=\"og:url\" content=\"https:\/\/gradetchliev.de\/projekte\/pret-a-portrait\/\" \/>\n<meta property=\"og:site_name\" content=\"Atelier Gradetchliev\" \/>\n<meta property=\"article:modified_time\" content=\"2020-03-04T15:02:57+00:00\" \/>\n<meta name=\"twitter:card\" content=\"summary_large_image\" \/>\n<script type=\"application\/ld+json\" class=\"yoast-schema-graph\">{\"@context\":\"https:\/\/schema.org\",\"@graph\":[{\"@type\":\"WebPage\",\"@id\":\"https:\/\/gradetchliev.de\/projekte\/pret-a-portrait\/\",\"url\":\"https:\/\/gradetchliev.de\/projekte\/pret-a-portrait\/\",\"name\":\"Pr\u00eat-\u00e0-Portrait, Backstage - Atelier Gradetchliev\",\"isPartOf\":{\"@id\":\"https:\/\/gradetchliev.de\/#website\"},\"datePublished\":\"2020-01-29T15:45:20+00:00\",\"dateModified\":\"2020-03-04T15:02:57+00:00\",\"breadcrumb\":{\"@id\":\"https:\/\/gradetchliev.de\/projekte\/pret-a-portrait\/#breadcrumb\"},\"inLanguage\":\"en-US\",\"potentialAction\":[{\"@type\":\"ReadAction\",\"target\":[\"https:\/\/gradetchliev.de\/projekte\/pret-a-portrait\/\"]}]},{\"@type\":\"BreadcrumbList\",\"@id\":\"https:\/\/gradetchliev.de\/projekte\/pret-a-portrait\/#breadcrumb\",\"itemListElement\":[{\"@type\":\"ListItem\",\"position\":1,\"name\":\"Startseite\",\"item\":\"https:\/\/gradetchliev.de\/\"},{\"@type\":\"ListItem\",\"position\":2,\"name\":\"Projekte\",\"item\":\"https:\/\/gradetchliev.de\/projekte\/\"},{\"@type\":\"ListItem\",\"position\":3,\"name\":\"Pr\u00eat-\u00e0-Portrait, Backstage\"}]},{\"@type\":\"WebSite\",\"@id\":\"https:\/\/gradetchliev.de\/#website\",\"url\":\"https:\/\/gradetchliev.de\/\",\"name\":\"Atelier Gradetchliev\",\"description\":\"Atelier Gradetchliev\",\"potentialAction\":[{\"@type\":\"SearchAction\",\"target\":{\"@type\":\"EntryPoint\",\"urlTemplate\":\"https:\/\/gradetchliev.de\/?s={search_term_string}\"},\"query-input\":\"required name=search_term_string\"}],\"inLanguage\":\"en-US\"}]}<\/script>\n<!-- \/ Yoast SEO plugin. -->","yoast_head_json":{"title":"Pr\u00eat-\u00e0-Portrait, Backstage - Atelier Gradetchliev","robots":{"index":"index","follow":"follow","max-snippet":"max-snippet:-1","max-image-preview":"max-image-preview:large","max-video-preview":"max-video-preview:-1"},"canonical":"https:\/\/gradetchliev.de\/projekte\/pret-a-portrait\/","og_locale":"en_US","og_type":"article","og_title":"Pr\u00eat-\u00e0-Portrait, Backstage - Atelier Gradetchliev","og_description":"Haute Couture as a demand, Pr\u00eat-\u00e0-Portrait as a need The Shows of the Fashion Department from the Royal Academy of Fine Arts left me with deep impressions. Here is a \u201csnapshot\u201c from the world of fashion, two-dimensionally captured in painting and drawing.","og_url":"https:\/\/gradetchliev.de\/projekte\/pret-a-portrait\/","og_site_name":"Atelier Gradetchliev","article_modified_time":"2020-03-04T15:02:57+00:00","twitter_card":"summary_large_image","schema":{"@context":"https:\/\/schema.org","@graph":[{"@type":"WebPage","@id":"https:\/\/gradetchliev.de\/projekte\/pret-a-portrait\/","url":"https:\/\/gradetchliev.de\/projekte\/pret-a-portrait\/","name":"Pr\u00eat-\u00e0-Portrait, Backstage - Atelier Gradetchliev","isPartOf":{"@id":"https:\/\/gradetchliev.de\/#website"},"datePublished":"2020-01-29T15:45:20+00:00","dateModified":"2020-03-04T15:02:57+00:00","breadcrumb":{"@id":"https:\/\/gradetchliev.de\/projekte\/pret-a-portrait\/#breadcrumb"},"inLanguage":"en-US","potentialAction":[{"@type":"ReadAction","target":["https:\/\/gradetchliev.de\/projekte\/pret-a-portrait\/"]}]},{"@type":"BreadcrumbList","@id":"https:\/\/gradetchliev.de\/projekte\/pret-a-portrait\/#breadcrumb","itemListElement":[{"@type":"ListItem","position":1,"name":"Startseite","item":"https:\/\/gradetchliev.de\/"},{"@type":"ListItem","position":2,"name":"Projekte","item":"https:\/\/gradetchliev.de\/projekte\/"},{"@type":"ListItem","position":3,"name":"Pr\u00eat-\u00e0-Portrait, Backstage"}]},{"@type":"WebSite","@id":"https:\/\/gradetchliev.de\/#website","url":"https:\/\/gradetchliev.de\/","name":"Atelier Gradetchliev","description":"Atelier Gradetchliev","potentialAction":[{"@type":"SearchAction","target":{"@type":"EntryPoint","urlTemplate":"https:\/\/gradetchliev.de\/?s={search_term_string}"},"query-input":"required name=search_term_string"}],"inLanguage":"en-US"}]}},"_links":{"self":[{"href":"https:\/\/gradetchliev.de\/en\/wp-json\/wp\/v2\/pages\/447"}],"collection":[{"href":"https:\/\/gradetchliev.de\/en\/wp-json\/wp\/v2\/pages"}],"about":[{"href":"https:\/\/gradetchliev.de\/en\/wp-json\/wp\/v2\/types\/page"}],"author":[{"embeddable":true,"href":"https:\/\/gradetchliev.de\/en\/wp-json\/wp\/v2\/users\/3"}],"replies":[{"embeddable":true,"href":"https:\/\/gradetchliev.de\/en\/wp-json\/wp\/v2\/comments?post=447"}],"version-history":[{"count":9,"href":"https:\/\/gradetchliev.de\/en\/wp-json\/wp\/v2\/pages\/447\/revisions"}],"predecessor-version":[{"id":518,"href":"https:\/\/gradetchliev.de\/en\/wp-json\/wp\/v2\/pages\/447\/revisions\/518"}],"up":[{"embeddable":true,"href":"https:\/\/gradetchliev.de\/en\/wp-json\/wp\/v2\/pages\/9"}],"wp:attachment":[{"href":"https:\/\/gradetchliev.de\/en\/wp-json\/wp\/v2\/media?parent=447"}],"curies":[{"name":"wp","href":"https:\/\/api.w.org\/{rel}","templated":true}]}}